{"id":2,"date":"2013-06-21T12:18:22","date_gmt":"2013-06-21T10:18:22","guid":{"rendered":"http:\/\/www.jff.de\/kinderreporter\/?page_id=2"},"modified":"2021-07-05T14:13:18","modified_gmt":"2021-07-05T12:13:18","slug":"beispiel-seite","status":"publish","type":"page","link":"https:\/\/kinderreporter.jff.de\/","title":{"rendered":"News"},"content":{"rendered":"<h1>Er\u00f6ffnung des Kinderfilmfestes 2021<\/h1>\n<div id='gallery-1' class='gallery galleryid-2 gallery-columns-2 gallery-size-medium'><figure class='gallery-item'>\n\t\t\t<div class='gallery-icon landscape'>\n\t\t\t\t<a href='https:\/\/kinderreporter.jff.de\/?attachment_id=1842'><img loading=\"lazy\" decoding=\"async\" width=\"300\" height=\"200\" src=\"https:\/\/kinderreporter.jff.de\/wp-content\/uploads\/2021\/07\/MicrosoftTeams-image1-300x200.jpg\" class=\"attachment-medium size-medium\" alt=\"\" aria-describedby=\"gallery-1-1842\" srcset=\"https:\/\/kinderreporter.jff.de\/wp-content\/uploads\/2021\/07\/MicrosoftTeams-image1-300x200.jpg 300w, https:\/\/kinderreporter.jff.de\/wp-content\/uploads\/2021\/07\/MicrosoftTeams-image1-768x512.jpg 768w, https:\/\/kinderreporter.jff.de\/wp-content\/uploads\/2021\/07\/MicrosoftTeams-image1-1024x683.jpg 1024w\" sizes=\"auto, 100vw\" \/><\/a>\n\t\t\t<\/div>\n\t\t\t\t<figcaption class='wp-caption-text gallery-caption' id='gallery-1-1842'>\n\t\t\t\tEndlich ist es soweit &#8211; das Kinderfilmfest 2021 hat begonnen!\n\t\t\t\t<\/figcaption><\/figure><figure class='gallery-item'>\n\t\t\t<div class='gallery-icon landscape'>\n\t\t\t\t<a href='https:\/\/kinderreporter.jff.de\/?attachment_id=1844'><img loading=\"lazy\" decoding=\"async\" width=\"300\" height=\"200\" src=\"https:\/\/kinderreporter.jff.de\/wp-content\/uploads\/2021\/07\/MicrosoftTeams-image-31-300x200.jpg\" class=\"attachment-medium size-medium\" alt=\"\" aria-describedby=\"gallery-1-1844\" srcset=\"https:\/\/kinderreporter.jff.de\/wp-content\/uploads\/2021\/07\/MicrosoftTeams-image-31-300x200.jpg 300w, https:\/\/kinderreporter.jff.de\/wp-content\/uploads\/2021\/07\/MicrosoftTeams-image-31-768x512.jpg 768w, https:\/\/kinderreporter.jff.de\/wp-content\/uploads\/2021\/07\/MicrosoftTeams-image-31-1024x683.jpg 1024w\" sizes=\"auto, 100vw\" \/><\/a>\n\t\t\t<\/div>\n\t\t\t\t<figcaption class='wp-caption-text gallery-caption' id='gallery-1-1844'>\n\t\t\t\tEr\u00f6ffnet wurde es von Checker Tobi h\u00f6chst pers\u00f6nlich.\n\t\t\t\t<\/figcaption><\/figure><figure class='gallery-item'>\n\t\t\t<div class='gallery-icon landscape'>\n\t\t\t\t<a href='https:\/\/kinderreporter.jff.de\/?attachment_id=1848'><img loading=\"lazy\" decoding=\"async\" width=\"300\" height=\"200\" src=\"https:\/\/kinderreporter.jff.de\/wp-content\/uploads\/2021\/07\/MicrosoftTeams-image-1-300x200.jpg\" class=\"attachment-medium size-medium\" alt=\"\" aria-describedby=\"gallery-1-1848\" srcset=\"https:\/\/kinderreporter.jff.de\/wp-content\/uploads\/2021\/07\/MicrosoftTeams-image-1-300x200.jpg 300w, https:\/\/kinderreporter.jff.de\/wp-content\/uploads\/2021\/07\/MicrosoftTeams-image-1-768x512.jpg 768w, https:\/\/kinderreporter.jff.de\/wp-content\/uploads\/2021\/07\/MicrosoftTeams-image-1-1024x683.jpg 1024w\" sizes=\"auto, 100vw\" \/><\/a>\n\t\t\t<\/div>\n\t\t\t\t<figcaption class='wp-caption-text gallery-caption' id='gallery-1-1848'>\n\t\t\t\tDas Fest findet dieses Jahr drau\u00dfen statt &#8211; mit Blick auf den M\u00fcnchner Olympiaturm.\n\t\t\t\t<\/figcaption><\/figure><figure class='gallery-item'>\n\t\t\t<div class='gallery-icon landscape'>\n\t\t\t\t<a href='https:\/\/kinderreporter.jff.de\/?attachment_id=1847'><img loading=\"lazy\" decoding=\"async\" width=\"300\" height=\"200\" src=\"https:\/\/kinderreporter.jff.de\/wp-content\/uploads\/2021\/07\/MicrosoftTeams-image-61-300x200.jpg\" class=\"attachment-medium size-medium\" alt=\"\" aria-describedby=\"gallery-1-1847\" srcset=\"https:\/\/kinderreporter.jff.de\/wp-content\/uploads\/2021\/07\/MicrosoftTeams-image-61-300x200.jpg 300w, https:\/\/kinderreporter.jff.de\/wp-content\/uploads\/2021\/07\/MicrosoftTeams-image-61-768x512.jpg 768w, https:\/\/kinderreporter.jff.de\/wp-content\/uploads\/2021\/07\/MicrosoftTeams-image-61-1024x683.jpg 1024w\" sizes=\"auto, 100vw\" \/><\/a>\n\t\t\t<\/div>\n\t\t\t\t<figcaption class='wp-caption-text gallery-caption' id='gallery-1-1847'>\n\t\t\t\tDie Nachwuchsschauspieler*innen des Films &#8222;Lauras Stern&#8220; auf der B\u00fchne.\n\t\t\t\t<\/figcaption><\/figure><figure class='gallery-item'>\n\t\t\t<div class='gallery-icon landscape'>\n\t\t\t\t<a href='https:\/\/kinderreporter.jff.de\/?attachment_id=1843'><img loading=\"lazy\" decoding=\"async\" width=\"300\" height=\"200\" src=\"https:\/\/kinderreporter.jff.de\/wp-content\/uploads\/2021\/07\/MicrosoftTeams-image-21-300x200.jpg\" class=\"attachment-medium size-medium\" alt=\"\" aria-describedby=\"gallery-1-1843\" srcset=\"https:\/\/kinderreporter.jff.de\/wp-content\/uploads\/2021\/07\/MicrosoftTeams-image-21-300x200.jpg 300w, https:\/\/kinderreporter.jff.de\/wp-content\/uploads\/2021\/07\/MicrosoftTeams-image-21-768x512.jpg 768w, https:\/\/kinderreporter.jff.de\/wp-content\/uploads\/2021\/07\/MicrosoftTeams-image-21-1024x683.jpg 1024w\" sizes=\"auto, 100vw\" \/><\/a>\n\t\t\t<\/div>\n\t\t\t\t<figcaption class='wp-caption-text gallery-caption' id='gallery-1-1843'>\n\t\t\t\tMit dabei: die stolzen Trailerkids, deren Trailer vor jedem Kinderfilm zu sehen ist.\n\t\t\t\t<\/figcaption><\/figure><figure class='gallery-item'>\n\t\t\t<div class='gallery-icon landscape'>\n\t\t\t\t<a href='https:\/\/kinderreporter.jff.de\/?attachment_id=1846'><img loading=\"lazy\" decoding=\"async\" width=\"300\" height=\"200\" src=\"https:\/\/kinderreporter.jff.de\/wp-content\/uploads\/2021\/07\/MicrosoftTeams-image-52-300x200.jpg\" class=\"attachment-medium size-medium\" alt=\"\" aria-describedby=\"gallery-1-1846\" srcset=\"https:\/\/kinderreporter.jff.de\/wp-content\/uploads\/2021\/07\/MicrosoftTeams-image-52-300x200.jpg 300w, https:\/\/kinderreporter.jff.de\/wp-content\/uploads\/2021\/07\/MicrosoftTeams-image-52-768x512.jpg 768w, https:\/\/kinderreporter.jff.de\/wp-content\/uploads\/2021\/07\/MicrosoftTeams-image-52-1024x683.jpg 1024w\" sizes=\"auto, 100vw\" \/><\/a>\n\t\t\t<\/div>\n\t\t\t\t<figcaption class='wp-caption-text gallery-caption' id='gallery-1-1846'>\n\t\t\t\tChecker Tobi auf dem Kinderfilmfest 2021\n\t\t\t\t<\/figcaption><\/figure><figure class='gallery-item'>\n\t\t\t<div class='gallery-icon landscape'>\n\t\t\t\t<a href='https:\/\/kinderreporter.jff.de\/?attachment_id=1845'><img loading=\"lazy\" decoding=\"async\" width=\"300\" height=\"200\" src=\"https:\/\/kinderreporter.jff.de\/wp-content\/uploads\/2021\/07\/MicrosoftTeams-image-41-300x200.jpg\" class=\"attachment-medium size-medium\" alt=\"\" aria-describedby=\"gallery-1-1845\" srcset=\"https:\/\/kinderreporter.jff.de\/wp-content\/uploads\/2021\/07\/MicrosoftTeams-image-41-300x200.jpg 300w, https:\/\/kinderreporter.jff.de\/wp-content\/uploads\/2021\/07\/MicrosoftTeams-image-41-768x512.jpg 768w, https:\/\/kinderreporter.jff.de\/wp-content\/uploads\/2021\/07\/MicrosoftTeams-image-41-1024x683.jpg 1024w\" sizes=\"auto, 100vw\" \/><\/a>\n\t\t\t<\/div>\n\t\t\t\t<figcaption class='wp-caption-text gallery-caption' id='gallery-1-1845'>\n\t\t\t\tGl\u00fccklich, dass ihr Film bei der Er\u00f6ffnung gezeigt wurde: der Cast von &#8222;Lauras Stern&#8220;.\n\t\t\t\t<\/figcaption><\/figure><figure class='gallery-item'>\n\t\t\t<div class='gallery-icon landscape'>\n\t\t\t\t<a href='https:\/\/kinderreporter.jff.de\/?attachment_id=1860'><img loading=\"lazy\" decoding=\"async\" width=\"300\" height=\"225\" src=\"https:\/\/kinderreporter.jff.de\/wp-content\/uploads\/2021\/07\/image13-300x225.jpeg\" class=\"attachment-medium size-medium\" alt=\"\" aria-describedby=\"gallery-1-1860\" srcset=\"https:\/\/kinderreporter.jff.de\/wp-content\/uploads\/2021\/07\/image13-300x225.jpeg 300w, https:\/\/kinderreporter.jff.de\/wp-content\/uploads\/2021\/07\/image13.jpeg 640w\" sizes=\"auto, 100vw\" \/><\/a>\n\t\t\t<\/div>\n\t\t\t\t<figcaption class='wp-caption-text gallery-caption' id='gallery-1-1860'>\n\t\t\t\tDie Trailerkids bei der Er\u00f6ffnung&#8230;\n\t\t\t\t<\/figcaption><\/figure><figure class='gallery-item'>\n\t\t\t<div class='gallery-icon landscape'>\n\t\t\t\t<a href='https:\/\/kinderreporter.jff.de\/?attachment_id=1859'><img loading=\"lazy\" decoding=\"async\" width=\"300\" height=\"225\" src=\"https:\/\/kinderreporter.jff.de\/wp-content\/uploads\/2021\/07\/image4-300x225.jpeg\" class=\"attachment-medium size-medium\" alt=\"\" aria-describedby=\"gallery-1-1859\" srcset=\"https:\/\/kinderreporter.jff.de\/wp-content\/uploads\/2021\/07\/image4-300x225.jpeg 300w, https:\/\/kinderreporter.jff.de\/wp-content\/uploads\/2021\/07\/image4.jpeg 640w\" sizes=\"auto, 100vw\" \/><\/a>\n\t\t\t<\/div>\n\t\t\t\t<figcaption class='wp-caption-text gallery-caption' id='gallery-1-1859'>\n\t\t\t\t&#8230;hier mit Annabelle J\u00fcppner vom JFF, die ihnen beim Drehen des Trailers geholfen hat.\n\t\t\t\t<\/figcaption><\/figure><figure class='gallery-item'>\n\t\t\t<div class='gallery-icon landscape'>\n\t\t\t\t<a href='https:\/\/kinderreporter.jff.de\/?attachment_id=1858'><img loading=\"lazy\" decoding=\"async\" width=\"300\" height=\"225\" src=\"https:\/\/kinderreporter.jff.de\/wp-content\/uploads\/2021\/07\/image16-300x225.jpeg\" class=\"attachment-medium size-medium\" alt=\"\" aria-describedby=\"gallery-1-1858\" srcset=\"https:\/\/kinderreporter.jff.de\/wp-content\/uploads\/2021\/07\/image16-300x225.jpeg 300w, https:\/\/kinderreporter.jff.de\/wp-content\/uploads\/2021\/07\/image16.jpeg 640w\" sizes=\"auto, 100vw\" \/><\/a>\n\t\t\t<\/div>\n\t\t\t\t<figcaption class='wp-caption-text gallery-caption' id='gallery-1-1858'>\n\t\t\t\tDie Location &#8222;Kino am Olympiasee&#8220;.\n\t\t\t\t<\/figcaption><\/figure>\n\t\t<\/div>\n\n<h1>Trailer f\u00fcr das Kinderfilmfest 2021<\/h1>\n<p><a href=\"https:\/\/kinderreporter.jff.de\/wp-content\/uploads\/2021\/06\/MicrosoftTeams-image-1.jpg\"><img loading=\"lazy\" decoding=\"async\" class=\"alignnone wp-image-1833 size-large\" src=\"https:\/\/kinderreporter.jff.de\/wp-content\/uploads\/2021\/06\/MicrosoftTeams-image-1-1024x768.jpg\" alt=\"\" width=\"525\" height=\"394\" srcset=\"https:\/\/kinderreporter.jff.de\/wp-content\/uploads\/2021\/06\/MicrosoftTeams-image-1-1024x768.jpg 1024w, https:\/\/kinderreporter.jff.de\/wp-content\/uploads\/2021\/06\/MicrosoftTeams-image-1-300x225.jpg 300w, https:\/\/kinderreporter.jff.de\/wp-content\/uploads\/2021\/06\/MicrosoftTeams-image-1-768x576.jpg 768w\" sizes=\"auto, (max-width: 525px) 100vw, 525px\" \/><\/a><\/p>\n<p>Einen fantasievollen Trailer f\u00fcr das Kinderfilmfest haben die Trailerkids aus dem Hort der Hildegard-von-Bingen-Anger Grundschule gestaltet. Der Trickfilm wird auf dem Kinderfilmfest vor jedem Kinderfilm zu sehen sein.<\/p>\n<p>Aufgrund der Corona-Pandemie wurde der Trailer in enger Zusammenarbeit mit den p\u00e4dagogischen Fachkr\u00e4ften des Hortes produziert. Sie haben gemeinsam mit den Kindern eine Geschichte entwickelt und detailreiche Figuren und Hintergr\u00fcnde gebastelt. Gedreht wurde der Trickfilm dann mit einer medienp\u00e4dagogischen Fachkraft aus dem JFF.&nbsp;<\/p>\n<div style=\"width: 525px;\" class=\"wp-video\"><video class=\"wp-video-shortcode\" id=\"video-2-1\" width=\"525\" height=\"295\" preload=\"metadata\" controls=\"controls\"><source type=\"video\/mp4\" src=\"https:\/\/kinderreporter.jff.de\/wp-content\/uploads\/2021\/06\/FFM2021-KFFTrailer_XX-de_HD1080-25_20WEB_H264-8Mbit_210626.mp4?_=1\" \/><a href=\"https:\/\/kinderreporter.jff.de\/wp-content\/uploads\/2021\/06\/FFM2021-KFFTrailer_XX-de_HD1080-25_20WEB_H264-8Mbit_210626.mp4\">https:\/\/kinderreporter.jff.de\/wp-content\/uploads\/2021\/06\/FFM2021-KFFTrailer_XX-de_HD1080-25_20WEB_H264-8Mbit_210626.mp4<\/a><\/video><\/div>\n<h1>Kinderreporter*innen 2021<\/h1>\n<p><a href=\"https:\/\/kinderreporter.jff.de\/wp-content\/uploads\/2021\/06\/MicrosoftTeams-imagehell.jpg\"><img loading=\"lazy\" decoding=\"async\" class=\"alignnone wp-image-1813 size-large\" src=\"https:\/\/kinderreporter.jff.de\/wp-content\/uploads\/2021\/06\/MicrosoftTeams-imagehell-1024x768.jpg\" alt=\"\" width=\"525\" height=\"394\" srcset=\"https:\/\/kinderreporter.jff.de\/wp-content\/uploads\/2021\/06\/MicrosoftTeams-imagehell-1024x768.jpg 1024w, https:\/\/kinderreporter.jff.de\/wp-content\/uploads\/2021\/06\/MicrosoftTeams-imagehell-300x225.jpg 300w, https:\/\/kinderreporter.jff.de\/wp-content\/uploads\/2021\/06\/MicrosoftTeams-imagehell-768x576.jpg 768w\" sizes=\"auto, (max-width: 525px) 100vw, 525px\" \/><\/a><\/p>\n<p>Hallo, wir sind die Kinderreporter*innen 2021!<\/p>\n<p>Wir kommen aus dem Hort der Hildegard-von-Bingen-Anger Grundschule und haben uns schon einmal den Film \u201eMission Ulja Funk\u201c f\u00fcr euch angesehen. Ihr wollt wissen, ob sich der Film lohnt? Dann h\u00f6rt doch mal in unseren Podcast rein \u2013 darin verraten wir euch, wie uns der Film gefallen hat. Klickt einfach auf \u201e<a href=\"https:\/\/kinderreporter.jff.de\/?page_id=1822\" target=\"_blank\" rel=\"noopener\">Filme 2021<\/a>\u201c. &nbsp;<\/p>\n","protected":false},"excerpt":{"rendered":"<p>Er\u00f6ffnung des Kinderfilmfestes 2021 Trailer f\u00fcr das Kinderfilmfest 2021 Einen fantasievollen Trailer f\u00fcr das Kinderfilmfest haben die Trailerkids aus dem Hort der Hildegard-von-Bingen-Anger Grundschule gestaltet. Der Trickfilm wird auf dem Kinderfilmfest vor jedem Kinderfilm zu sehen sein. Aufgrund der Corona-Pandemie wurde der Trailer in enger Zusammenarbeit mit den p\u00e4dagogischen Fachkr\u00e4ften des Hortes produziert. Sie haben &hellip; <\/p>\n<p class=\"link-more\"><a href=\"https:\/\/kinderreporter.jff.de\/\" class=\"more-link\"><span class=\"screen-reader-text\">\u201eNews\u201c <\/span>weiterlesen<\/a><\/p>\n","protected":false},"author":34,"featured_media":0,"parent":0,"menu_order":0,"comment_status":"closed","ping_status":"closed","template":"","meta":{"ngg_post_thumbnail":0,"footnotes":""},"class_list":["post-2","page","type-page","status-publish","hentry"],"_links":{"self":[{"href":"https:\/\/kinderreporter.jff.de\/index.php?rest_route=\/wp\/v2\/pages\/2","targetHints":{"allow":["GET"]}}],"collection":[{"href":"https:\/\/kinderreporter.jff.de\/index.php?rest_route=\/wp\/v2\/pages"}],"about":[{"href":"https:\/\/kinderreporter.jff.de\/index.php?rest_route=\/wp\/v2\/types\/page"}],"author":[{"embeddable":true,"href":"https:\/\/kinderreporter.jff.de\/index.php?rest_route=\/wp\/v2\/users\/34"}],"replies":[{"embeddable":true,"href":"https:\/\/kinderreporter.jff.de\/index.php?rest_route=%2Fwp%2Fv2%2Fcomments&post=2"}],"version-history":[{"count":109,"href":"https:\/\/kinderreporter.jff.de\/index.php?rest_route=\/wp\/v2\/pages\/2\/revisions"}],"predecessor-version":[{"id":1861,"href":"https:\/\/kinderreporter.jff.de\/index.php?rest_route=\/wp\/v2\/pages\/2\/revisions\/1861"}],"wp:attachment":[{"href":"https:\/\/kinderreporter.jff.de\/index.php?rest_route=%2Fwp%2Fv2%2Fmedia&parent=2"}],"curies":[{"name":"wp","href":"https:\/\/api.w.org\/{rel}","templated":true}]}}