{"id":280,"date":"2013-08-07T12:22:05","date_gmt":"2013-08-07T10:22:05","guid":{"rendered":"http:\/\/www.jff.de\/kinderreporter\/?page_id=280"},"modified":"2013-08-07T12:22:32","modified_gmt":"2013-08-07T10:22:32","slug":"agb","status":"publish","type":"page","link":"https:\/\/kinderreporter.jff.de\/?page_id=280","title":{"rendered":"AGB"},"content":{"rendered":"<p><strong>Nutzungsbedingungen \u201eKinder-Redaktion\u201c<\/strong><\/p>\n<p><b>(g\u00fcltig seit 28.06.2013)<\/b><\/p>\n<p><b>Vorbemerkung<\/b><\/p>\n<p>Der Jugend Film Fernsehen e.V. (im Folgenden JFF e.V.) stellt mit der <i>Kinder-Redaktion<\/i> Kindern von acht bis zw\u00f6lf Jahren eine Plattform zur Verf\u00fcgung, in der Kinder eigene Kritiken und Interviews im sicheren Rahmen ver\u00f6ffentlichen und mit anderen teilen k\u00f6nnen.<\/p>\n<p>Diese Nutzungsbedingungen regeln die vertraglichen Beziehungen f\u00fcr die Inanspruchnahme des kostenlosen <i>Kinder-Redaktion<\/i> zwischen dem minderj\u00e4hrigen Nutzer, also dir, einerseits und dem JFF e.V. als Betreiber der <i>Kinder-Redaktion<\/i> andererseits.<\/p>\n<p>Mit der Anmeldung zur <i>Kinder-Redaktion<\/i> willigen die Erziehungsberechtigten (\u00fcblicherweise deine Eltern) ein, dass zwischen dir und dem JFF e.V. ein unentgeltlicher Nutzungsvertrag zustande kommt und akzeptieren diese Nutzungsbedingungen verbindlich f\u00fcr dich. Deshalb ist es wichtig, dass sich deine Erziehungsberechtigten vorher \u00fcber den Inhalt dieser Nutzungsbedingungen informieren und sie mit dir besprechen.<\/p>\n<p><b>1. Geltungsbereich \/ Vertragsgegenstand<\/b><\/p>\n<p>(1) Diese Nutzungsbedingungen gelten f\u00fcr die <i>Kinder-Redaktion<\/i> bis zur \u00c4nderung bzw. Erg\u00e4nzung der Nutzungsbedingungen nach Ziffer 12.<\/p>\n<p>(2) Andere Angebote des JFF e.V. sind nicht Gegenstand dieser Nutzungsbedingungen.<\/p>\n<p><b>2. Anmeldung<\/b><\/p>\n<p>(1) F\u00fcr die Nutzung der <i>Kinder-Redaktion<\/i> musst du dich registrieren. Nutzungsberechtigt sind ausschlie\u00dflich Kinder, welche im Zeitpunkt der Anmeldung mindestens acht Jahre alt sind und nicht \u00e4lter als zw\u00f6lf Jahre alt sind. \u00dcber Ausnahmen entscheidet der JFF e.V. im jeweiligen Einzelfall.<\/p>\n<p>(2) Mit der Anmeldung zur <i>Kinder-Redaktion<\/i> best\u00e4tigst du, dem nutzungsberechtigten Personenkreis nach Absatz 1 anzugeh\u00f6ren. Du verpflichtest dich zur richtigen und vollst\u00e4ndigen Angabe der im Rahmen der Anmeldung abgefragten Pflichtangaben. Der JFF e.V. ist jederzeit berechtigt, von dir oder deinen Erziehungsberechtigten einen Nachweis zu verlangen, dass die von dir gemachten Angaben richtig sind und deine Erziehungsberechtigten mit der Anmeldung zur <i>Kinder-Redaktion<\/i> einverstanden sind.<\/p>\n<p>(4) Bei der Wahl deines Spitznamens kannst du einen Phantasienamen w\u00e4hlen, der keine R\u00fcckschl\u00fcsse auf deinen Vor- und Nachname oder deine Adresse erlaubt. So wird dein Name und deine Adresse nicht jedem bekannt.<\/p>\n<p><b>3. Zustandekommen des Nutzungsvertrages<\/b><\/p>\n<p>(1) Mit der Einwilligung deiner Erziehungsberechtigten in die Anmeldung zur <i>Kinder-Redaktion<\/i> beantragst du einen Vertrag zur Nutzung der zur Verf\u00fcgung gestellten Dienste der <i>Kinder-Redaktion<\/i> mit dem JFF e.V. Der Vertrag kommt erst zustande, wenn der JFF e.Vdeinen pers\u00f6nlichen Zugang zum <i>Kinder-Redaktion<\/i> freischaltet. Der JFF e.V. beh\u00e4lt sich das Recht vor, den Antrag auf Abschluss eines Vertrages ohne Angabe von Gr\u00fcnden abzulehnen.<\/p>\n<p>(2) Der JFF e.V. ist berechtigt, deinen Zugang zur <i>Kinder-Redaktion<\/i> ohne weitere Mitteilung zu l\u00f6schen, wenn innerhalb von 4 Wochen nach Freischaltung deines Zugangs kein erstmaliger Login erfolgt.<\/p>\n<p><b>4. Umfang der Leistungen \/ \u00c4nderungsbefugnis<\/b><\/p>\n<p>(1) Die <i>Kinder-Redaktion<\/i> ist ein \u00f6ffentlich gef\u00f6rdertes Projekt. Die <i>Kinder-Redaktion<\/i> wird kostenlos, jedoch ausschlie\u00dflich im Rahmen der technischen, betrieblichen und finanziellen M\u00f6glichkeiten des JFF e.V. gew\u00e4hrt.<\/p>\n<p>(2) Ein Anspruch auf die Zurverf\u00fcgungstellung bestimmter Funktionen innerhalb der <i>Kinder-Redaktion<\/i> besteht nicht. Der JFF e.V. gibt keine Zusicherungen f\u00fcr einen bestimmten Leistungsumfang sowie die fehler- und unterbrechungsfreie Verf\u00fcgbarkeit der angebotenen Funktionen. Der Internet-Zugang ist nicht Gegenstand der angebotenen Funktionen; f\u00fcr diesen sowie den Zustand der eigenen Hard- und Software bist du selbst verantwortlich.<\/p>\n<p>(3) Der JFF e.V. beh\u00e4lt sich das Recht vor, einzelne Funktionen nur unter zus\u00e4tzlichen Voraussetzungen (z.B. bereits f\u00fcr bestimmte Zeit bestehende Mitgliedschaft, Verwendung zu bestimmten Zwecken) und \/ oder auf gesonderten Antrag zur Verf\u00fcgung zu stellen.<\/p>\n<p>(4) Der JFF \u00a0e.V. beh\u00e4lt sich das Recht vor, die <i>Kinder-Redaktion<\/i> oder Teile der <i>Kinder-Redaktion<\/i> jederzeit einzustellen \u2013 dies gilt insbesondere bei Mittelstreichungen oder -k\u00fcrzungen \u2013 sowie die zur Verf\u00fcgung gestellten Funktionen in Art und Umfang zu ver\u00e4ndern (z.B. Ver\u00e4nderung der Struktur oder von Rubriken). Du und \/ oder deine Erziehungsberechtigten werden \u00fcber \u00c4nderungen zuvor innerhalb angemessener Frist informiert.<\/p>\n<p><b>5. Deine Inhalte<\/b><\/p>\n<p>(1) Mit dem Einstellen von Filmkritiken, Interviews und Fotos erkl\u00e4rst du dich im Rahmen der in der <i>Kinder-Redaktion<\/i> angebotenen Funktionen mit der Speicherung, der Ver\u00f6ffentlichung sowie dem \u00f6ffentlichen Zug\u00e4nglichmachen der genannten Inhalte einverstanden.<\/p>\n<p>(2) Ein Anspruch auf L\u00f6schung deiner Filmkritiken, Interviews und Fotos besteht nicht. Die Einwilligung nach Absatz 1 gilt zeitlich unbeschr\u00e4nkt, soweit du dem JFF e.V. keine Umst\u00e4nde gegen\u00fcber nachweisen kannst, die eine weitere Abrufbarkeit als f\u00fcr die Zukunft unzumutbar erscheinen lassen (etwa wegen gravierender beruflicher Nachteile).<\/p>\n<p>(3) Soweit du oder der JFF e.V. die Mitgliedschaft bei der <i>Kinder-Redaktion<\/i> beenden, werden alle deine Filmkritiken, Interviews und Fotos gel\u00f6scht.<\/p>\n<p><b>6. Deine Pflichten<\/b><\/p>\n<p>(1) Du verpflichtest dich, dein Passwort nicht an Dritte weiterzugeben und vor dem Zugriff durch Dritte gesch\u00fctzt aufzubewahren. Du verpflichtest dich weiterhin, den JFF e.V. unverz\u00fcglich zu informieren, sobald dir bekannt wird, dass dein Passwort unberechtigt durch Dritte genutzt wird. Der JFF e.V. ist berechtigt, den Zugang zur <i>Kinder-Redaktion<\/i> zu sperren, wenn der begr\u00fcndete Verdacht besteht, dass das Passwort durch unberechtigte Dritte genutzt wird; du wirst hier\u00fcber informiert und bekommst ein neues Passwort zugeteilt, soweit du nicht selbst bewusst zu dem Missbrauch beigetragen hast. Im \u00dcbrigen kannst du dein Passwort jederzeit selbst \u00e4ndern und solltest dies aus Sicherheitsgr\u00fcnden auch von Zeit zu Zeit tun.<\/p>\n<p>(2) Du verpflichtest dich, die dir zur Verf\u00fcgung gestellten Funktionen der <i>Kinder-Redaktion<\/i> nicht zu kommerziellen Zwecken und nur im Rahmen der Zweckbestimmung der <i>Kinder-Redaktion<\/i> zu nutzen. Du tr\u00e4gst Sorge daf\u00fcr, dass durch die von dir hochgeladenen Filmkritiken, Interviews und Fotos der ordnungsgem\u00e4\u00dfe Betrieb der <i>Kinder-Redaktion<\/i> nicht gef\u00e4hrdet wird sowie andere Anbieter, Nutzer oder Netze nicht beeintr\u00e4chtigt werden.<\/p>\n<p>(4) Als Inhaber eines Zugangs zur <i>Kinder-Redaktion<\/i> bist du verpflichtet, dich bei der <i>Kinder-Redaktion<\/i> abzumelden und damit deinen Zugang durch den JFF e.V. l\u00f6schen zu lassen, wenn du nicht mehr dem Kreis der nutzungsberechtigten Personen nach Ziffer 2 Absatz 1 angeh\u00f6rst (also wenn du die Altersh\u00f6chstgrenze erreicht hast).<\/p>\n<p>(5) Um Datenverluste zu vermeiden verpflichtest du dich, von s\u00e4mtlichen Filmkritiken, Interviews und Fotos, die du \u00fcber die <i>Kinder-Redaktion<\/i> ver\u00f6ffentlichst oder verbreitest, jeweils Sicherungskopien auf deinem eigenen Computersystem zu speichern.<\/p>\n<p><b>7. Deine Verantwortlichkeit <\/b><\/p>\n<p>(1) Innerhalb der <i>Kinder-Redaktion<\/i> kannst du Filmkritiken, Interviews und Fotos ver\u00f6ffentlichen und anderen zug\u00e4nglich machen. Die Verantwortlichkeit liegt insoweit ausschlie\u00dflich bei dir. Du verpflichtest dich, bei der Nutzung der Funktionen der <i>Kinder-Redaktion<\/i> nicht gegen geltende gesetzliche Vorschriften zu versto\u00dfen. Du stellst insbesondere sicher, dass die von dir ver\u00f6ffentlichten und verbreiteten Filmkritiken, Interviews und Fotos keine Rechte Dritter (z.B. Urheber-, Marken- oder Pers\u00f6nlichkeitsrechte) verletzen und von dir im Rahmen der Nutzung der der <i>Kinder-Redaktion<\/i> personenbezogene Daten Dritter nur im Rahmen der einschl\u00e4gigen datenschutzrechtlichen Vorschriften erhoben, verarbeitet oder genutzt werden. Ausdr\u00fccklich unzul\u00e4ssig ist etwa das Hochladen oder sonstige Verwenden von urheberrechtlich gesch\u00fctzten Fotos, Interviews und Filmkritiken, wenn dir hierf\u00fcr nicht die notwendigen Nutzungsrechte durch die Rechteinhaber einger\u00e4umt worden sind. Dies gilt auch f\u00fcr Filmkritiken, Interviews und Fotos anderer Nutzer der <i>Kinder-Redaktion.<\/i><\/p>\n<p>(2) Zudem stellst du sicher, dass insbesondere keine nach dem Strafgesetzbuch oder den Jugendschutzgesetzen verbotenen Inhalte ver\u00f6ffentlicht oder zug\u00e4nglich gemacht werden, wie z.B. Propagandamittel und Kennzeichen verfassungswidriger Organisationen, rassistisches Gedankengut, Gewaltdarstellungen, pornografische Inhalte, Beleidigungen und andere ehrverletzende \u00c4u\u00dferungen oder Inhalte, welche die Intimsph\u00e4re verletzen.<\/p>\n<p><b>8. Rechte des JFF e.V.<\/b><\/p>\n<p>(1) Du erkennst an, dass es sich bei der <i>Kinder-Redaktion<\/i> um ein dem JFF e.V. zustehendes Datenbankwerk oder um eine Datenbank nach den \u00a7\u00a7 4 Abs. 2, 87a Abs. 1 Urheberrechtsgesetz handelt. Die zugeh\u00f6rigen Computerprogramme unterfallen dem Schutz nach den \u00a7\u00a7 69a ff. Urheberrechtsgesetz.<\/p>\n<p>(2) Die von den Mitarbeiterinnen und Mitarbeitern des JFF e.V. in der <i>Kinder-Redaktion<\/i> eingestellten Inhalte (z.B. Texte) sind nach Ma\u00dfgabe der gesetzlichen Bestimmungen urheberrechtlich gesch\u00fctzt. Eine Vervielf\u00e4ltigung oder Verwendung solcher Inhalte in anderen elektronischen oder gedruckten Publikationen sowie im Rahmen \u00f6ffentlicher Wiedergaben ist insoweit ohne ausdr\u00fcckliche Zustimmung des JFF e.V. nicht gestattet.<\/p>\n<p><b>9. Folgen von Pflichtverst\u00f6\u00dfen, Freistellungsanspruch<\/b><\/p>\n<p>(1) Wenn du gegen die Pflichten in Ziffer 6 und Ziffer 7 verst\u00f6\u00dft, ist der JFF e.V. berechtigt, deinen Zugang zur <i>Kinder-Redaktion<\/i> zu sperren, deinen Zugang zu deaktivieren, Filmkritiken, Interviews und Fotos zu sperren und zu l\u00f6schen sowie andere geeignete Ma\u00dfnahmen zum Schutz gegen solche Verst\u00f6\u00dfe zu ergreifen. Der JFF e.V. muss entsprechende Ma\u00dfnahmen nicht begr\u00fcnden. Das gleiche gilt f\u00fcr den Fall, dass ein hinreichender Verdacht f\u00fcr solche Verst\u00f6\u00dfe besteht, solange und soweit du nicht nachgewiesen hast, dass die beanstandete Filmkritik, das beanstandete Interview oder das beanstandete Foto rechtm\u00e4\u00dfig ist.<\/p>\n<p>(2) Als verantwortliches Mitglied verpflichtest du dich auch, den JFF e.V. von s\u00e4mtlichen Anspr\u00fcchen Dritter die gegen den JFF e.V. im Zusammenhang mit Verst\u00f6\u00dfen gegen vorstehende Verpflichtungen geltend gemacht werden, sowie s\u00e4mtlichen daraus resultierenden Kosten freizustellen; hierzu z\u00e4hlen auch die Kosten einer angemessenen Rechtsverteidigung. Du bist au\u00dferdem verpflichtet, den JFF e.V. bei der Verteidigung gegen vorgenannte Anspr\u00fcche durch die Abgabe von Erkl\u00e4rungen, insbesondere eidesstattliche Versicherungen, sowie durch sonstige Informationen zu unterst\u00fctzen und wirst darauf hinwirken, dass Anspr\u00fcche Dritter unmittelbar gegen dich selbst geltend gemacht werden. Alle weiteren Rechte des JFF e.V. bleiben unber\u00fchrt.<\/p>\n<p><b>10. Haftung<\/b><\/p>\n<p>(1) Der JFF e.V. haftet f\u00fcr verschuldete Sch\u00e4den bei der Verletzung von Kardinalpflichten. Kardinalpflichten sind alle wesentlichen vertraglichen Hauptpflichten, welche die ordnungsgem\u00e4\u00dfe Durchf\u00fchrung des Vertrages erm\u00f6glichen und auf deren Erf\u00fcllung du als Vertragspartner des JFF e.V. deshalb vertrauen darfst.<\/p>\n<p>(2) Dar\u00fcber hinaus haftet der JFF e.V. \u2013 gleich aus welchem Rechtsgrund \u2013 nur f\u00fcr<\/p>\n<p>a) Sch\u00e4den aus der Verletzung des Lebens, des K\u00f6rpers oder der Gesundheit,<\/p>\n<p>b) nach dem Produkthaftungsgesetz,<\/p>\n<p>c) bei \u00dcbernahme einer Beschaffenheitsgarantie oder<\/p>\n<p>d) wenn der Schaden durch gesetzliche Vertreter oder Erf\u00fcllungsgehilfen des JFF e.V. vors\u00e4tzlich oder grob fahrl\u00e4ssig verursacht wurde.<\/p>\n<p>(3) Im Falle der leicht fahrl\u00e4ssigen Verletzung von Kardinalpflichten haftet der JFF e.V. h\u00f6chstens bis zum vertragstypischerweise vorhersehbaren Schaden, nicht jedoch f\u00fcr mittelbare Sch\u00e4den.<\/p>\n<p>(4) Hinsichtlich der Vermeidung von Sch\u00e4den aus Datenverlusten wird auf die Pflicht zur Sicherung von Daten nach Ziffer 6 Absatz 5 hingewiesen.<\/p>\n<p><b>11. K\u00fcndigung der Mitgliedschaft<\/b><\/p>\n<p>(1) Die Mitgliedschaft bei der <i>Kinder-Redaktion<\/i> kann von dir, deinen Erziehungsberechtigten und vom JFF e.V. jederzeit mit einer Frist von einem Tag zum Ende des folgenden Kalendertages gek\u00fcndigt werden. Absatz 3 regelt, an wen und in welcher Form die K\u00fcndigung zu richten ist.<\/p>\n<p>(2) Das Recht zur fristlosen K\u00fcndigung aus wichtigem Grund bleibt unber\u00fchrt. Als wichtiger Grund gelten insbesondere:<\/p>\n<p>a) ein Versto\u00df gegen die Pflichten nach Ziffer 6 Abs\u00e4tze 1 bis 4 und Ziffer 7;<\/p>\n<p>b) die Voraussetzungen f\u00fcr eine Anmeldung nach Ziffer 2 Absatz 1 liegen nicht vor oder es liegt ein Versto\u00df gegen Ziffer 2 Absatz 2 vor.<\/p>\n<p>(3) Die K\u00fcndigung hat schriftlich zu erfolgen. Als schriftliche K\u00fcndigung gilt auch die K\u00fcndigung per E-Mail. Dir gegen\u00fcber erfolgt die K\u00fcndigung grunds\u00e4tzlich an deine E-Mail-Adresse \u2013 soweit angegeben \u2013 und an die E-Mail-Adresse deiner Erziehungsberechtigten. K\u00fcndigungen an den JFF e.V. sind an die E-Mail-Adresse kinder.reporter@jff.de zu schicken. Die K\u00fcndigung ist mit Zugang wirksam.<\/p>\n<p>(4) Im Falle der K\u00fcndigung der Mitgliedschaft ist der JFF e.V. berechtigt, deinen Zugang sowie deine s\u00e4mtlichen Inhalte bei der <i>Kinder-Redaktion<\/i> zu sperren und zu l\u00f6schen.<\/p>\n<p><b>12. Schlussbestimmungen<\/b><\/p>\n<p>(1) Der JFF e.V. beh\u00e4lt sich das Recht vor, diese Nutzungsbedingungen bei Vorliegen einer Vertragsl\u00fccke oder bei Eintritt einer St\u00f6rung des urspr\u00fcnglichen Verh\u00e4ltnisses von Leistung und Gegenleistung jederzeit teilweise oder ganz zu \u00e4ndern, soweit du dadurch nicht unangemessen benachteiligt wirst. Dies ist insbesondere der Fall, wenn die \u00c4nderungen ohne wirtschaftliche Nachteile f\u00fcr dich sind, wie z.B. bei einer Anpassung der Nutzungsbedingungen an ver\u00e4nderte Anmeldeprozeduren sowie an ge\u00e4nderte Funktionalit\u00e4ten oder Dienste. \u00dcber die \u00c4nderungen werden deine Erziehungsberechtigten per E-Mail und du per E-Mail \u2013 soweit angegeben \u2013 informiert, bevor die neuen Nutzungsbedingungen in Kraft treten; dabei halten wir eine angemessene Frist ein. Wenn die \u00c4nderungen f\u00fcr deine Erziehungsberechtigten und dich nicht akzeptabel sind, kann die Mitgliedschaft gek\u00fcndigt werden. Die \u00c4nderungen gelten als durch dich und deine Erziehungsberechtigten genehmigt, wenn du die <i>Kinder-Redaktion<\/i> nach dem Zeitpunkt des Inkrafttretens der \u00c4nderungen weiter nutzt. Auf diese Rechtsfolgen werden deine Erziehungsberechtigten und gegebenenfalls du selbst in der Mitteilung gesondert hingewiesen.<\/p>\n<p>(2) Der JFF e.V. beh\u00e4lt sich zudem das Recht vor, f\u00fcr neue Funktionen zus\u00e4tzliche Nutzungsbedingungen zu erlassen.<\/p>\n<p>(3) F\u00fcr alle Rechtsbeziehungen der Vertragspartner, die sich aus der Nutzung der Funktionen der <i>Kinder-Redaktion<\/i> ergeben, gilt deutsches Recht.<\/p>\n<p>(4) Sind oder werden einzelne Bestimmungen dieses Vertrages unwirksam, wird die Wirksamkeit der \u00fcbrigen Bestimmungen nicht ber\u00fchrt. Anstelle der unwirksamen Bestimmung gilt eine Bestimmung als vereinbart, die im Rahmen des rechtlich M\u00f6glichen hinsichtlich Ort, Zeit, Ma\u00df und Geltungsbereich dem am n\u00e4chsten kommt, was von den Vertragsparteien nach dem urspr\u00fcnglichen Sinn und Zweck der unwirksamen Bestimmung gewollt war. L\u00fccken im Vertrag sind danach zu schlie\u00dfen, was die Parteien bei verst\u00e4ndiger W\u00fcrdigung der Sach- und Rechtslage sowie unter Ber\u00fccksichtigung der berechtigten Interessen der jeweils anderen Partei vereinbart h\u00e4tten, w\u00e4re ihnen die Regelungsbed\u00fcrftigkeit der Frage bewusst gewesen. Dies gilt auch, wenn die Unwirksamkeit einer Bestimmung etwa auf einem in dem Vertrag vorgeschriebenen Ma\u00df der Leistung oder Zeit (Frist oder Termin) beruht; es soll dann ein dem gewollten m\u00f6glichst nahe kommendes rechtlich zul\u00e4ssiges Ma\u00df der Leistung oder Zeit (Frist oder Termin) als vereinbart gelten.<\/p>\n<p><strong>Datenschutzbestimmungen <i>Kinder-Redaktion<\/i><\/strong><\/p>\n<p><b>(g\u00fcltig seit 28.06.2013)<\/b><\/p>\n<p>Diese Datenschutzbestimmungen beschreiben die Erhebung, Verarbeitung und Nutzung der pers\u00f6nlichen Daten der Mitglieder und Nutzer der <i>Kinder-Redaktion<\/i> durch den Jugend Film Fernsehen e.V. (im Folgenden JFF e.V.). Die Erziehungsberechtigten der Mitglieder best\u00e4tigen mit der Anmeldung ihres Kindes zur <i>Kinder-Redaktion<\/i>, dass sie von diesen Datenschutzbestimmungen Kenntnis genommen haben. Deshalb ist es wichtig, dass sich auch die Erziehungsberechtigten \u00fcber den Inhalt dieser Datenschutzbestimmungen informieren. Um die Nutzung der<i> Kinder-Redaktion<\/i> zu erm\u00f6glichen, erhebt, verarbeitet und nutzt der JFF e.V. die bei der Anmeldung durch ein zuk\u00fcnftiges Mitglied anzugebenden Pflichtangaben. Es handelt sich dabei um folgende Angaben: Spitzname und Email-Adresse der Eltern des zuk\u00fcnftigen Mitglieds. Hat das Mitglied eine eigene E-Mail-Adresse, kann diese freiwillig angegeben werden. Der Spitzname wird automatisch in das Profil des Mitglieds \u00fcbernommen und kann im Bereich \u201eProfil\u201c jederzeit ge\u00e4ndert oder erg\u00e4nzt werden. Sollten sich nach der Anmeldung \u00c4nderungen in Bezug auf die Pflichtangaben ergeben, ist dies dem JFF e.V. \u00fcber die E-Mail-Adresse kinder.redaktion@jff.de mitzuteilen.<\/p>\n<p>Im Rahmen der Anmeldung erhebt und verarbeitet der JFF e.V. zus\u00e4tzliche freiwillige Angaben f\u00fcr das Profil des Mitglieds im Bereich \u201eRedaktion\u201c. Es handelt sich hierbei um folgende Angaben: Alter, Lieblingsfilm, \u00dcber mich. Die bei der Anmeldung zur <i>Kinder-Redaktion<\/i> erhobenen freiwilligen Angaben werden automatisch in das Profil im Bereich \u201eRedaktion\u201c \u00fcbernommen. Das Profil ist allerdings nicht automatisch freigeschaltet und kann daher erst von anderen abgerufen (also gelesen) werden, wenn eine entsprechende Freischaltung durch die p\u00e4dagogisch geschulte Redaktion im JFF, Institut f\u00fcr Medienp\u00e4dagogik, erfolgt ist.<\/p>\n<p>Die Freischaltung des Profils kann jederzeit aufgehoben werden.<\/p>\n<p>Der JFF e.V. beachtet selbstverst\u00e4ndlich die datenschutzrechtlichen Bestimmungen und sch\u00fctzt die pers\u00f6nlichen Daten der Mitglieder der <i>Kinder-Redaktion.\u00a0<\/i>Der JFF e.V. gibt pers\u00f6nliche Daten nicht an Dritte weiter, es sei denn die Weitergabe erfolgt in Erf\u00fcllung einer gesetzlichen Verpflichtung (z.B. im Rahmen von strafrechtlichen Ermittlungen); in diesem Falle werden nur solche Informationen weitergegeben, zu denen der JFF e.V. gesetzlich verpflichtet ist.<\/p>\n","protected":false},"excerpt":{"rendered":"<p>Nutzungsbedingungen \u201eKinder-Redaktion\u201c (g\u00fcltig seit 28.06.2013) Vorbemerkung Der Jugend Film Fernsehen e.V. (im Folgenden JFF e.V.) stellt mit der Kinder-Redaktion Kindern von acht bis zw\u00f6lf Jahren eine Plattform zur Verf\u00fcgung, in der Kinder eigene Kritiken und Interviews im sicheren Rahmen ver\u00f6ffentlichen und mit anderen teilen k\u00f6nnen. Diese Nutzungsbedingungen regeln die vertraglichen Beziehungen f\u00fcr die Inanspruchnahme des &hellip; <\/p>\n<p class=\"link-more\"><a href=\"https:\/\/kinderreporter.jff.de\/?page_id=280\" class=\"more-link\"><span class=\"screen-reader-text\">\u201eAGB\u201c <\/span>weiterlesen<\/a><\/p>\n","protected":false},"author":4,"featured_media":0,"parent":0,"menu_order":0,"comment_status":"open","ping_status":"open","template":"","meta":{"ngg_post_thumbnail":0,"footnotes":""},"class_list":["post-280","page","type-page","status-publish","hentry"],"_links":{"self":[{"href":"https:\/\/kinderreporter.jff.de\/index.php?rest_route=\/wp\/v2\/pages\/280","targetHints":{"allow":["GET"]}}],"collection":[{"href":"https:\/\/kinderreporter.jff.de\/index.php?rest_route=\/wp\/v2\/pages"}],"about":[{"href":"https:\/\/kinderreporter.jff.de\/index.php?rest_route=\/wp\/v2\/types\/page"}],"author":[{"embeddable":true,"href":"https:\/\/kinderreporter.jff.de\/index.php?rest_route=\/wp\/v2\/users\/4"}],"replies":[{"embeddable":true,"href":"https:\/\/kinderreporter.jff.de\/index.php?rest_route=%2Fwp%2Fv2%2Fcomments&post=280"}],"version-history":[{"count":2,"href":"https:\/\/kinderreporter.jff.de\/index.php?rest_route=\/wp\/v2\/pages\/280\/revisions"}],"predecessor-version":[{"id":282,"href":"https:\/\/kinderreporter.jff.de\/index.php?rest_route=\/wp\/v2\/pages\/280\/revisions\/282"}],"wp:attachment":[{"href":"https:\/\/kinderreporter.jff.de\/index.php?rest_route=%2Fwp%2Fv2%2Fmedia&parent=280"}],"curies":[{"name":"wp","href":"https:\/\/api.w.org\/{rel}","templated":true}]}}