{"id":4,"date":"2013-06-21T14:23:12","date_gmt":"2013-06-21T12:23:12","guid":{"rendered":"http:\/\/www.jff.de\/kinderreporter\/?page_id=4"},"modified":"2018-05-24T11:00:29","modified_gmt":"2018-05-24T09:00:29","slug":"mitglieder","status":"publish","type":"page","link":"https:\/\/kinderreporter.jff.de\/?page_id=4","title":{"rendered":"Kinderreporter 2014"},"content":{"rendered":"<p><a href=\"http:\/\/www.jff.de\/\">JFF &#8211; Institut f\u00fcr Medienp\u00e4dagogik<\/a> in Kooperation mit dem Kinderportal der Stadt M\u00fcnchen <a href=\"https:\/\/www.pomki.de\/\">Pomki<\/a><\/p>\n\n<table id=\"tablepress-3\" class=\"tablepress tablepress-id-3\">\n<tbody class=\"row-striping row-hover\">\n<tr class=\"row-1\">\n\t<td class=\"column-1\"><a href=\"http:\/\/www.jff.de\/kinderreporter\/wp-content\/uploads\/2014\/03\/rayan.jpg\"><img loading=\"lazy\" decoding=\"async\" src=\"http:\/\/www.jff.de\/kinderreporter\/wp-content\/uploads\/2014\/03\/rayan-225x300.jpg\" alt=\"\" width=\"225\" height=\"300\" class=\"alignnone size-medium wp-image-367\" srcset=\"https:\/\/kinderreporter.jff.de\/wp-content\/uploads\/2014\/03\/rayan-225x300.jpg 225w, https:\/\/kinderreporter.jff.de\/wp-content\/uploads\/2014\/03\/rayan.jpg 768w\" sizes=\"auto, (max-width: 225px) 100vw, 225px\" \/><\/a><\/td><td class=\"column-2\">Name: Rayan<br \/>\n<br \/>\nAlter: 8 Jahre<br \/>\n<br \/>\nLieblingsfilme: Ironman, Fluch der Karibik, Transformers<\/td>\n<\/tr>\n<tr class=\"row-2\">\n\t<td class=\"column-1\"><a href=\"http:\/\/www.jff.de\/kinderreporter\/wp-content\/uploads\/2014\/03\/Lina-Carolina-002.jpg\"><img loading=\"lazy\" decoding=\"async\" src=\"http:\/\/www.jff.de\/kinderreporter\/wp-content\/uploads\/2014\/03\/Lina-Carolina-002-300x225.jpg\" alt=\"\" width=\"300\" height=\"225\" class=\"alignleft size-medium wp-image-334\" srcset=\"https:\/\/kinderreporter.jff.de\/wp-content\/uploads\/2014\/03\/Lina-Carolina-002-300x225.jpg 300w, https:\/\/kinderreporter.jff.de\/wp-content\/uploads\/2014\/03\/Lina-Carolina-002-1024x768.jpg 1024w, https:\/\/kinderreporter.jff.de\/wp-content\/uploads\/2014\/03\/Lina-Carolina-002-400x300.jpg 400w\" sizes=\"auto, (max-width: 300px) 100vw, 300px\" \/><\/a><\/td><td class=\"column-2\">Name: Carolina<br \/>\n<br \/>\nAlter: 8 Jahre<br \/>\n<br \/>\nLieblingsfilme: Bibi und Tina, Tristan und Isolde, Arielle, Rapunzel<\/td>\n<\/tr>\n<tr class=\"row-3\">\n\t<td class=\"column-1\"><a href=\"http:\/\/www.jff.de\/kinderreporter\/wp-content\/uploads\/2014\/03\/DSCN0416.jpg\"><img loading=\"lazy\" decoding=\"async\" src=\"http:\/\/www.jff.de\/kinderreporter\/wp-content\/uploads\/2014\/03\/DSCN0416-300x225.jpg\" alt=\"\" width=\"300\" height=\"225\" class=\"alignleft size-medium wp-image-338\" srcset=\"https:\/\/kinderreporter.jff.de\/wp-content\/uploads\/2014\/03\/DSCN0416-300x225.jpg 300w, https:\/\/kinderreporter.jff.de\/wp-content\/uploads\/2014\/03\/DSCN0416-1024x768.jpg 1024w, https:\/\/kinderreporter.jff.de\/wp-content\/uploads\/2014\/03\/DSCN0416-400x300.jpg 400w\" sizes=\"auto, (max-width: 300px) 100vw, 300px\" \/><\/a><\/td><td class=\"column-2\">Name: Sebastian<br \/>\n<br \/>\nAlter: 8 Jahre<br \/>\n<br \/>\nLieblingsfilme: Cars2, Bud Spencer, Terence Hill<\/td>\n<\/tr>\n<tr class=\"row-4\">\n\t<td class=\"column-1\"><a href=\"http:\/\/www.jff.de\/kinderreporter\/wp-content\/uploads\/2014\/03\/DSCN0399.jpg\"><img loading=\"lazy\" decoding=\"async\" src=\"http:\/\/www.jff.de\/kinderreporter\/wp-content\/uploads\/2014\/03\/DSCN0399-300x225.jpg\" alt=\"\" width=\"300\" height=\"225\" class=\"alignleft size-medium wp-image-339\" srcset=\"https:\/\/kinderreporter.jff.de\/wp-content\/uploads\/2014\/03\/DSCN0399-300x225.jpg 300w, https:\/\/kinderreporter.jff.de\/wp-content\/uploads\/2014\/03\/DSCN0399-1024x768.jpg 1024w, https:\/\/kinderreporter.jff.de\/wp-content\/uploads\/2014\/03\/DSCN0399-400x300.jpg 400w\" sizes=\"auto, (max-width: 300px) 100vw, 300px\" \/><\/a><\/td><td class=\"column-2\">Name: Cecilia<br \/>\n<br \/>\nAlter: 8 Jahre<br \/>\n<br \/>\nLieblingsfilme: sally bolywood<\/td>\n<\/tr>\n<tr class=\"row-5\">\n\t<td class=\"column-1\"><a href=\"http:\/\/www.jff.de\/kinderreporter\/wp-content\/uploads\/2014\/03\/admin-ajax.php_.jpg\"><img loading=\"lazy\" decoding=\"async\" src=\"http:\/\/www.jff.de\/kinderreporter\/wp-content\/uploads\/2014\/03\/admin-ajax.php_-225x300.jpg\" alt=\"\" width=\"225\" height=\"300\" class=\"alignleft size-medium wp-image-352\" srcset=\"https:\/\/kinderreporter.jff.de\/wp-content\/uploads\/2014\/03\/admin-ajax.php_-225x300.jpg 225w, https:\/\/kinderreporter.jff.de\/wp-content\/uploads\/2014\/03\/admin-ajax.php_.jpg 300w\" sizes=\"auto, (max-width: 225px) 100vw, 225px\" \/><\/a><\/td><td class=\"column-2\">Name: Lina<br \/>\n<br \/>\nAlter: 8 Jahre<br \/>\n<br \/>\nLieblingsfilme: die wilden H\u00fchner, H2O, der Sattelclub, Bibi und Tina<\/td>\n<\/tr>\n<tr class=\"row-6\">\n\t<td class=\"column-1\"><a href=\"http:\/\/www.jff.de\/kinderreporter\/wp-content\/uploads\/2014\/04\/zar-panna.jpg\"><img loading=\"lazy\" decoding=\"async\" src=\"http:\/\/www.jff.de\/kinderreporter\/wp-content\/uploads\/2014\/04\/zar-panna-225x300.jpg\" alt=\"\" width=\"225\" height=\"300\" class=\"alignnone size-medium wp-image-385\" srcset=\"https:\/\/kinderreporter.jff.de\/wp-content\/uploads\/2014\/04\/zar-panna-225x300.jpg 225w, https:\/\/kinderreporter.jff.de\/wp-content\/uploads\/2014\/04\/zar-panna-768x1024.jpg 768w\" sizes=\"auto, (max-width: 225px) 100vw, 225px\" \/><\/a><\/td><td class=\"column-2\">Name: Zar-Panna<br \/>\n<br \/>\nAlter: 8<br \/>\n<br \/>\nLieblingsfilme: Schl\u00fcmpfe 2<\/td>\n<\/tr>\n<tr class=\"row-7\">\n\t<td class=\"column-1\"><a href=\"http:\/\/www.jff.de\/kinderreporter\/wp-content\/uploads\/2014\/03\/DSCN0395.jpg\"><img loading=\"lazy\" decoding=\"async\" src=\"http:\/\/www.jff.de\/kinderreporter\/wp-content\/uploads\/2014\/03\/DSCN0395-300x225.jpg\" alt=\"\" width=\"300\" height=\"225\" class=\"alignnone size-medium wp-image-340\" srcset=\"https:\/\/kinderreporter.jff.de\/wp-content\/uploads\/2014\/03\/DSCN0395-300x225.jpg 300w, https:\/\/kinderreporter.jff.de\/wp-content\/uploads\/2014\/03\/DSCN0395-1024x768.jpg 1024w, https:\/\/kinderreporter.jff.de\/wp-content\/uploads\/2014\/03\/DSCN0395-400x300.jpg 400w\" sizes=\"auto, (max-width: 300px) 100vw, 300px\" \/><\/a><\/td><td class=\"column-2\">Name: Laura<br \/>\n<br \/>\nAlter: 9 Jahre<br \/>\n<br \/>\nLieblingsfilme: Bibi und Tina, H2O<\/td>\n<\/tr>\n<tr class=\"row-8\">\n\t<td class=\"column-1\"><figure id=\"attachment_383\" aria-describedby=\"caption-attachment-383\" style=\"width: 300px\" class=\"wp-caption alignnone\"><a href=\"http:\/\/www.jff.de\/kinderreporter\/wp-content\/uploads\/2014\/04\/IMG_0003.jpg\"><img loading=\"lazy\" decoding=\"async\" src=\"http:\/\/www.jff.de\/kinderreporter\/wp-content\/uploads\/2014\/04\/IMG_0003-300x225.jpg\" alt=\"\" width=\"300\" height=\"225\" class=\"size-medium wp-image-383\" srcset=\"https:\/\/kinderreporter.jff.de\/wp-content\/uploads\/2014\/04\/IMG_0003-300x225.jpg 300w, https:\/\/kinderreporter.jff.de\/wp-content\/uploads\/2014\/04\/IMG_0003-1024x768.jpg 1024w, https:\/\/kinderreporter.jff.de\/wp-content\/uploads\/2014\/04\/IMG_0003-400x300.jpg 400w\" sizes=\"auto, (max-width: 300px) 100vw, 300px\" \/><\/a><figcaption id=\"caption-attachment-383\" class=\"wp-caption-text\">Hamse<\/figcaption><\/figure><\/td><td class=\"column-2\">Name: Hamsa<br \/>\n<br \/>\nAlter 10 Jahre<br \/>\n<br \/>\nLieblingsfilme:<\/td>\n<\/tr>\n<tr class=\"row-9\">\n\t<td class=\"column-1\"><figure id=\"attachment_384\" aria-describedby=\"caption-attachment-384\" style=\"width: 300px\" class=\"wp-caption alignnone\"><a href=\"http:\/\/www.jff.de\/kinderreporter\/wp-content\/uploads\/2014\/04\/IMG_0001.jpg\"><img loading=\"lazy\" decoding=\"async\" src=\"http:\/\/www.jff.de\/kinderreporter\/wp-content\/uploads\/2014\/04\/IMG_0001-300x225.jpg\" alt=\"\" width=\"300\" height=\"225\" class=\"size-medium wp-image-384\" srcset=\"https:\/\/kinderreporter.jff.de\/wp-content\/uploads\/2014\/04\/IMG_0001-300x225.jpg 300w, https:\/\/kinderreporter.jff.de\/wp-content\/uploads\/2014\/04\/IMG_0001-1024x768.jpg 1024w, https:\/\/kinderreporter.jff.de\/wp-content\/uploads\/2014\/04\/IMG_0001-400x300.jpg 400w\" sizes=\"auto, (max-width: 300px) 100vw, 300px\" \/><\/a><figcaption id=\"caption-attachment-384\" class=\"wp-caption-text\">David<\/figcaption><\/figure><\/td><td class=\"column-2\">Name: David<br \/>\n<br \/>\nAlter: 10 Jahre<br \/>\n<br \/>\nLieblingsfilme:<\/td>\n<\/tr>\n<\/tbody>\n<\/table>\n<!-- #tablepress-3 from cache -->\n<p>&nbsp;<\/p>\n","protected":false},"excerpt":{"rendered":"<p>JFF &#8211; Institut f\u00fcr Medienp\u00e4dagogik in Kooperation mit dem Kinderportal der Stadt M\u00fcnchen Pomki &nbsp;<\/p>\n","protected":false},"author":34,"featured_media":0,"parent":307,"menu_order":4,"comment_status":"closed","ping_status":"closed","template":"","meta":{"ngg_post_thumbnail":0,"footnotes":""},"class_list":["post-4","page","type-page","status-publish","hentry"],"_links":{"self":[{"href":"https:\/\/kinderreporter.jff.de\/index.php?rest_route=\/wp\/v2\/pages\/4","targetHints":{"allow":["GET"]}}],"collection":[{"href":"https:\/\/kinderreporter.jff.de\/index.php?rest_route=\/wp\/v2\/pages"}],"about":[{"href":"https:\/\/kinderreporter.jff.de\/index.php?rest_route=\/wp\/v2\/types\/page"}],"author":[{"embeddable":true,"href":"https:\/\/kinderreporter.jff.de\/index.php?rest_route=\/wp\/v2\/users\/34"}],"replies":[{"embeddable":true,"href":"https:\/\/kinderreporter.jff.de\/index.php?rest_route=%2Fwp%2Fv2%2Fcomments&post=4"}],"version-history":[{"count":78,"href":"https:\/\/kinderreporter.jff.de\/index.php?rest_route=\/wp\/v2\/pages\/4\/revisions"}],"predecessor-version":[{"id":1483,"href":"https:\/\/kinderreporter.jff.de\/index.php?rest_route=\/wp\/v2\/pages\/4\/revisions\/1483"}],"up":[{"embeddable":true,"href":"https:\/\/kinderreporter.jff.de\/index.php?rest_route=\/wp\/v2\/pages\/307"}],"wp:attachment":[{"href":"https:\/\/kinderreporter.jff.de\/index.php?rest_route=%2Fwp%2Fv2%2Fmedia&parent=4"}],"curies":[{"name":"wp","href":"https:\/\/api.w.org\/{rel}","templated":true}]}}