{"id":644,"date":"2015-05-28T11:42:53","date_gmt":"2015-05-28T09:42:53","guid":{"rendered":"http:\/\/www.jff.de\/kinderreporter\/?page_id=644"},"modified":"2018-05-24T11:05:34","modified_gmt":"2018-05-24T09:05:34","slug":"kinderreporter-2015","status":"publish","type":"page","link":"https:\/\/kinderreporter.jff.de\/?page_id=644","title":{"rendered":"Kinderreporter 2015"},"content":{"rendered":"<p>&nbsp;<\/p>\n<p><a href=\"http:\/\/www.jff.de\/\">JFF &#8211; Institut f\u00fcr Medienp\u00e4dagogik<\/a> in Kooperation mit dem Kinderportal der Stadt M\u00fcnchen <a href=\"https:\/\/www.pomki.de\/\">Pomki<\/a><\/p>\n<p>&nbsp;<\/p>\n<p><a href=\"http:\/\/www.jff.de\/kinderreporter\/wp-content\/uploads\/2015\/05\/DSCN0676.jpg\"><img loading=\"lazy\" decoding=\"async\" class=\"size-medium wp-image-651 alignnone\" src=\"http:\/\/www.jff.de\/kinderreporter\/wp-content\/uploads\/2015\/05\/DSCN0676-300x225.jpg\" alt=\"DSCN0676\" width=\"300\" height=\"225\" srcset=\"https:\/\/kinderreporter.jff.de\/wp-content\/uploads\/2015\/05\/DSCN0676-300x225.jpg 300w, https:\/\/kinderreporter.jff.de\/wp-content\/uploads\/2015\/05\/DSCN0676-1024x768.jpg 1024w, https:\/\/kinderreporter.jff.de\/wp-content\/uploads\/2015\/05\/DSCN0676-400x300.jpg 400w\" sizes=\"auto, (max-width: 300px) 100vw, 300px\" \/><\/a><\/p>\n<audio class=\"wp-audio-shortcode\" id=\"audio-644-1\" preload=\"none\" style=\"width: 100%;\" controls=\"controls\"><source type=\"audio\/wav\" src=\"http:\/\/www.jff.de\/kinderreporter\/wp-content\/uploads\/2015\/05\/Trim.wav?_=1\" \/><a href=\"http:\/\/www.jff.de\/kinderreporter\/wp-content\/uploads\/2015\/05\/Trim.wav\">http:\/\/www.jff.de\/kinderreporter\/wp-content\/uploads\/2015\/05\/Trim.wav<\/a><\/audio>\n<p><a href=\"http:\/\/www.jff.de\/kinderreporter\/wp-content\/uploads\/2015\/05\/DSCN0692.jpg\"><img loading=\"lazy\" decoding=\"async\" class=\"alignleft size-medium wp-image-658\" src=\"http:\/\/www.jff.de\/kinderreporter\/wp-content\/uploads\/2015\/05\/DSCN0692-225x300.jpg\" alt=\"DSCN0692\" width=\"225\" height=\"300\" srcset=\"https:\/\/kinderreporter.jff.de\/wp-content\/uploads\/2015\/05\/DSCN0692-225x300.jpg 225w, https:\/\/kinderreporter.jff.de\/wp-content\/uploads\/2015\/05\/DSCN0692-768x1024.jpg 768w\" sizes=\"auto, (max-width: 225px) 100vw, 225px\" \/><\/a><\/p>\n<audio class=\"wp-audio-shortcode\" id=\"audio-644-2\" preload=\"none\" style=\"width: 100%;\" controls=\"controls\"><source type=\"audio\/wav\" src=\"http:\/\/www.jff.de\/kinderreporter\/wp-content\/uploads\/2015\/05\/Nicole.wav?_=2\" \/><a href=\"http:\/\/www.jff.de\/kinderreporter\/wp-content\/uploads\/2015\/05\/Nicole.wav\">http:\/\/www.jff.de\/kinderreporter\/wp-content\/uploads\/2015\/05\/Nicole.wav<\/a><\/audio>\n<p><a href=\"http:\/\/www.jff.de\/kinderreporter\/wp-content\/uploads\/2015\/05\/DSCN0680.jpg\"><img loading=\"lazy\" decoding=\"async\" class=\"alignleft size-medium wp-image-661\" src=\"http:\/\/www.jff.de\/kinderreporter\/wp-content\/uploads\/2015\/05\/DSCN0680-225x300.jpg\" alt=\"DSCN0680\" width=\"225\" height=\"300\" srcset=\"https:\/\/kinderreporter.jff.de\/wp-content\/uploads\/2015\/05\/DSCN0680-225x300.jpg 225w, https:\/\/kinderreporter.jff.de\/wp-content\/uploads\/2015\/05\/DSCN0680-768x1024.jpg 768w\" sizes=\"auto, (max-width: 225px) 100vw, 225px\" \/><\/a><\/p>\n<audio class=\"wp-audio-shortcode\" id=\"audio-644-3\" preload=\"none\" style=\"width: 100%;\" controls=\"controls\"><source type=\"audio\/wav\" src=\"http:\/\/www.jff.de\/kinderreporter\/wp-content\/uploads\/2015\/05\/Dilek.wav?_=3\" \/><a href=\"http:\/\/www.jff.de\/kinderreporter\/wp-content\/uploads\/2015\/05\/Dilek.wav\">http:\/\/www.jff.de\/kinderreporter\/wp-content\/uploads\/2015\/05\/Dilek.wav<\/a><\/audio>\n<p><a href=\"http:\/\/www.jff.de\/kinderreporter\/wp-content\/uploads\/2015\/05\/DSCN0689.jpg\"><img loading=\"lazy\" decoding=\"async\" class=\"alignleft size-medium wp-image-669\" src=\"http:\/\/www.jff.de\/kinderreporter\/wp-content\/uploads\/2015\/05\/DSCN0689-225x300.jpg\" alt=\"DSCN0689\" width=\"225\" height=\"300\" srcset=\"https:\/\/kinderreporter.jff.de\/wp-content\/uploads\/2015\/05\/DSCN0689-225x300.jpg 225w, https:\/\/kinderreporter.jff.de\/wp-content\/uploads\/2015\/05\/DSCN0689-768x1024.jpg 768w\" sizes=\"auto, (max-width: 225px) 100vw, 225px\" \/><\/a><\/p>\n<audio class=\"wp-audio-shortcode\" id=\"audio-644-4\" preload=\"none\" style=\"width: 100%;\" controls=\"controls\"><source type=\"audio\/wav\" src=\"http:\/\/www.jff.de\/kinderreporter\/wp-content\/uploads\/2015\/05\/Jona.wav?_=4\" \/><a href=\"http:\/\/www.jff.de\/kinderreporter\/wp-content\/uploads\/2015\/05\/Jona.wav\">http:\/\/www.jff.de\/kinderreporter\/wp-content\/uploads\/2015\/05\/Jona.wav<\/a><\/audio>\n<p><a href=\"http:\/\/www.jff.de\/kinderreporter\/wp-content\/uploads\/2015\/05\/DSCN0686.jpg\"><img loading=\"lazy\" decoding=\"async\" class=\"alignleft size-medium wp-image-667\" src=\"http:\/\/www.jff.de\/kinderreporter\/wp-content\/uploads\/2015\/05\/DSCN0686-300x225.jpg\" alt=\"DSCN0686\" width=\"300\" height=\"225\" srcset=\"https:\/\/kinderreporter.jff.de\/wp-content\/uploads\/2015\/05\/DSCN0686-300x225.jpg 300w, https:\/\/kinderreporter.jff.de\/wp-content\/uploads\/2015\/05\/DSCN0686-1024x768.jpg 1024w, https:\/\/kinderreporter.jff.de\/wp-content\/uploads\/2015\/05\/DSCN0686-400x300.jpg 400w\" sizes=\"auto, (max-width: 300px) 100vw, 300px\" \/><\/a><\/p>\n<audio class=\"wp-audio-shortcode\" id=\"audio-644-5\" preload=\"none\" style=\"width: 100%;\" controls=\"controls\"><source type=\"audio\/wav\" src=\"http:\/\/www.jff.de\/kinderreporter\/wp-content\/uploads\/2015\/05\/Julia.wav?_=5\" \/><a href=\"http:\/\/www.jff.de\/kinderreporter\/wp-content\/uploads\/2015\/05\/Julia.wav\">http:\/\/www.jff.de\/kinderreporter\/wp-content\/uploads\/2015\/05\/Julia.wav<\/a><\/audio>\n<p><a href=\"http:\/\/www.jff.de\/kinderreporter\/wp-content\/uploads\/2015\/05\/DSCN0694.jpg\"><img loading=\"lazy\" decoding=\"async\" class=\"alignleft size-medium wp-image-674\" src=\"http:\/\/www.jff.de\/kinderreporter\/wp-content\/uploads\/2015\/05\/DSCN0694-225x300.jpg\" alt=\"DSCN0694\" width=\"225\" height=\"300\" srcset=\"https:\/\/kinderreporter.jff.de\/wp-content\/uploads\/2015\/05\/DSCN0694-225x300.jpg 225w, https:\/\/kinderreporter.jff.de\/wp-content\/uploads\/2015\/05\/DSCN0694-768x1024.jpg 768w\" sizes=\"auto, (max-width: 225px) 100vw, 225px\" \/><\/a><\/p>\n<audio class=\"wp-audio-shortcode\" id=\"audio-644-6\" preload=\"none\" style=\"width: 100%;\" controls=\"controls\"><source type=\"audio\/wav\" src=\"http:\/\/www.jff.de\/kinderreporter\/wp-content\/uploads\/2015\/05\/Cimi.wav?_=6\" \/><a href=\"http:\/\/www.jff.de\/kinderreporter\/wp-content\/uploads\/2015\/05\/Cimi.wav\">http:\/\/www.jff.de\/kinderreporter\/wp-content\/uploads\/2015\/05\/Cimi.wav<\/a><\/audio>\n<p><a href=\"http:\/\/www.jff.de\/kinderreporter\/wp-content\/uploads\/2015\/05\/DSCN0684.jpg\"><img loading=\"lazy\" decoding=\"async\" class=\"alignleft size-medium wp-image-664\" src=\"http:\/\/www.jff.de\/kinderreporter\/wp-content\/uploads\/2015\/05\/DSCN0684-225x300.jpg\" alt=\"DSCN0684\" width=\"225\" height=\"300\" srcset=\"https:\/\/kinderreporter.jff.de\/wp-content\/uploads\/2015\/05\/DSCN0684-225x300.jpg 225w, https:\/\/kinderreporter.jff.de\/wp-content\/uploads\/2015\/05\/DSCN0684-768x1024.jpg 768w\" sizes=\"auto, (max-width: 225px) 100vw, 225px\" \/><\/a><\/p>\n<audio class=\"wp-audio-shortcode\" id=\"audio-644-7\" preload=\"none\" style=\"width: 100%;\" controls=\"controls\"><source type=\"audio\/wav\" src=\"http:\/\/www.jff.de\/kinderreporter\/wp-content\/uploads\/2015\/05\/Josef.wav?_=7\" \/><a href=\"http:\/\/www.jff.de\/kinderreporter\/wp-content\/uploads\/2015\/05\/Josef.wav\">http:\/\/www.jff.de\/kinderreporter\/wp-content\/uploads\/2015\/05\/Josef.wav<\/a><\/audio>\n<p><a href=\"http:\/\/www.jff.de\/kinderreporter\/wp-content\/uploads\/2015\/05\/DSCN0702.jpg\"><img loading=\"lazy\" decoding=\"async\" class=\"alignleft size-medium wp-image-677\" src=\"http:\/\/www.jff.de\/kinderreporter\/wp-content\/uploads\/2015\/05\/DSCN0702-225x300.jpg\" alt=\"DSCN0702\" width=\"225\" height=\"300\" srcset=\"https:\/\/kinderreporter.jff.de\/wp-content\/uploads\/2015\/05\/DSCN0702-225x300.jpg 225w, https:\/\/kinderreporter.jff.de\/wp-content\/uploads\/2015\/05\/DSCN0702-768x1024.jpg 768w\" sizes=\"auto, (max-width: 225px) 100vw, 225px\" \/><\/a><\/p>\n<audio class=\"wp-audio-shortcode\" id=\"audio-644-8\" preload=\"none\" style=\"width: 100%;\" controls=\"controls\"><source type=\"audio\/wav\" src=\"http:\/\/www.jff.de\/kinderreporter\/wp-content\/uploads\/2015\/05\/Juliana.wav?_=8\" \/><a href=\"http:\/\/www.jff.de\/kinderreporter\/wp-content\/uploads\/2015\/05\/Juliana.wav\">http:\/\/www.jff.de\/kinderreporter\/wp-content\/uploads\/2015\/05\/Juliana.wav<\/a><\/audio>\n<p><a href=\"http:\/\/www.jff.de\/kinderreporter\/wp-content\/uploads\/2015\/05\/DSCN07001.jpg\"><img loading=\"lazy\" decoding=\"async\" class=\"alignleft size-medium wp-image-684\" src=\"http:\/\/www.jff.de\/kinderreporter\/wp-content\/uploads\/2015\/05\/DSCN07001-225x300.jpg\" alt=\"DSCN0700\" width=\"225\" height=\"300\" srcset=\"https:\/\/kinderreporter.jff.de\/wp-content\/uploads\/2015\/05\/DSCN07001-225x300.jpg 225w, https:\/\/kinderreporter.jff.de\/wp-content\/uploads\/2015\/05\/DSCN07001-768x1024.jpg 768w\" sizes=\"auto, (max-width: 225px) 100vw, 225px\" \/><\/a><\/p>\n<audio class=\"wp-audio-shortcode\" id=\"audio-644-9\" preload=\"none\" style=\"width: 100%;\" controls=\"controls\"><source type=\"audio\/wav\" src=\"http:\/\/www.jff.de\/kinderreporter\/wp-content\/uploads\/2015\/05\/Ayleen.wav?_=9\" \/><a href=\"http:\/\/www.jff.de\/kinderreporter\/wp-content\/uploads\/2015\/05\/Ayleen.wav\">http:\/\/www.jff.de\/kinderreporter\/wp-content\/uploads\/2015\/05\/Ayleen.wav<\/a><\/audio>\n<p><a href=\"http:\/\/www.jff.de\/kinderreporter\/wp-content\/uploads\/2015\/05\/DSCN0696.jpg\"><img loading=\"lazy\" decoding=\"async\" class=\"alignleft size-medium wp-image-675\" src=\"http:\/\/www.jff.de\/kinderreporter\/wp-content\/uploads\/2015\/05\/DSCN0696-225x300.jpg\" alt=\"DSCN0696\" width=\"225\" height=\"300\" srcset=\"https:\/\/kinderreporter.jff.de\/wp-content\/uploads\/2015\/05\/DSCN0696-225x300.jpg 225w, https:\/\/kinderreporter.jff.de\/wp-content\/uploads\/2015\/05\/DSCN0696-768x1024.jpg 768w\" sizes=\"auto, (max-width: 225px) 100vw, 225px\" \/><\/a><\/p>\n<audio class=\"wp-audio-shortcode\" id=\"audio-644-10\" preload=\"none\" style=\"width: 100%;\" controls=\"controls\"><source type=\"audio\/wav\" src=\"http:\/\/www.jff.de\/kinderreporter\/wp-content\/uploads\/2015\/05\/Hakan.wav?_=10\" \/><a href=\"http:\/\/www.jff.de\/kinderreporter\/wp-content\/uploads\/2015\/05\/Hakan.wav\">http:\/\/www.jff.de\/kinderreporter\/wp-content\/uploads\/2015\/05\/Hakan.wav<\/a><\/audio>\n<p>&nbsp;<\/p>\n","protected":false},"excerpt":{"rendered":"<p>&nbsp; JFF &#8211; Institut f\u00fcr Medienp\u00e4dagogik in Kooperation mit dem Kinderportal der Stadt M\u00fcnchen Pomki &nbsp; &nbsp;<\/p>\n","protected":false},"author":4,"featured_media":0,"parent":0,"menu_order":0,"comment_status":"open","ping_status":"open","template":"","meta":{"ngg_post_thumbnail":0,"footnotes":""},"class_list":["post-644","page","type-page","status-publish","hentry"],"_links":{"self":[{"href":"https:\/\/kinderreporter.jff.de\/index.php?rest_route=\/wp\/v2\/pages\/644","targetHints":{"allow":["GET"]}}],"collection":[{"href":"https:\/\/kinderreporter.jff.de\/index.php?rest_route=\/wp\/v2\/pages"}],"about":[{"href":"https:\/\/kinderreporter.jff.de\/index.php?rest_route=\/wp\/v2\/types\/page"}],"author":[{"embeddable":true,"href":"https:\/\/kinderreporter.jff.de\/index.php?rest_route=\/wp\/v2\/users\/4"}],"replies":[{"embeddable":true,"href":"https:\/\/kinderreporter.jff.de\/index.php?rest_route=%2Fwp%2Fv2%2Fcomments&post=644"}],"version-history":[{"count":20,"href":"https:\/\/kinderreporter.jff.de\/index.php?rest_route=\/wp\/v2\/pages\/644\/revisions"}],"predecessor-version":[{"id":1487,"href":"https:\/\/kinderreporter.jff.de\/index.php?rest_route=\/wp\/v2\/pages\/644\/revisions\/1487"}],"wp:attachment":[{"href":"https:\/\/kinderreporter.jff.de\/index.php?rest_route=%2Fwp%2Fv2%2Fmedia&parent=644"}],"curies":[{"name":"wp","href":"https:\/\/api.w.org\/{rel}","templated":true}]}}